{"id":6123,"date":"2018-02-17T16:12:52","date_gmt":"2018-02-17T16:12:52","guid":{"rendered":"http:\/\/izvorka.juric.biz\/design-bureau\/izvorka-juric\/"},"modified":"2018-04-07T15:14:18","modified_gmt":"2018-04-07T15:14:18","slug":"izvorka-juric","status":"publish","type":"page","link":"https:\/\/designbureauizvorkajuric.com\/en\/design-bureau\/izvorka-juric\/","title":{"rendered":"Izvorka Juric"},"content":{"rendered":"<p>[vc_row][vc_column][vc_column_text]<\/p>\n<h6>&gt; Design Bureau Izvorka Juri\u0107 \/ Izvorka Juri\u0107<\/h6>\n<p>[\/vc_column_text][\/vc_column][\/vc_row][vc_row][vc_column width=&#8221;1\/2&#8243;][lab_heading title=&#8221;Izvorka Juri\u0107&#8221;]creative and art director \/ designer \/ educator[\/lab_heading][\/vc_column][vc_column width=&#8221;1\/2&#8243;][\/vc_column][\/vc_row][vc_row][vc_column width=&#8221;1\/2&#8243;][vc_column_text]Having obtained her degree at School of Design at the Faculty of Architecture of the University of Zagreb, she co-founded TRIDVAJEDAN creative agency with her two partners. Ever since, she worked as managing partner and designer, art director and creative and art director.<\/p>\n<p>Since 2011 she has worked independently on various projects related to design and design education. She has collaborated intensively with small and medium enterprises, helping them develop their products for the Croatian and global markets.[\/vc_column_text][vc_empty_space height=&#8221;10px&#8221;][\/vc_column][vc_column width=&#8221;1\/2&#8243;][vc_column_text]Her 20 years of experience with various visual communication projects, numerous professional awards and recognitions and design education projects can be seen as a confirmation of her professional status.[\/vc_column_text][vc_raw_html]JTNDZGl2JTIwY2xhc3MlM0QlMjJsYWItdmMtc29jaWFsLW5ldHdvcmtzJTIwJTIwZGlzcGxheS10eXBlLXJvdW5kZWQtaWNvbnMlMjIlM0UlM0N1bCUyMGNsYXNzJTNEJTIyc29jaWFsLW5ldHdvcmtzJTIwcm91bmRlZCUyMiUzRSUzQ2xpJTNFJTNDYSUyMGhyZWYlM0QlMjJodHRwcyUzQSUyRiUyRnd3dy5pbnN0YWdyYW0uY29tJTJGaXp2b3JrYWp1cmljJTJGJTIyJTIwdGFyZ2V0JTNEJTIyX2JsYW5rJTIyJTIwY2xhc3MlM0QlMjJmYWNlYm9vayUyMiUyMHRpdGxlJTNEJTIyRmFjZWJvb2slMjIlM0UlM0NpJTIwY2xhc3MlM0QlMjJmYSUyMGZhLWluc3RhZ3JhbSUyMiUzRSUzQyUyRmklM0UlM0NzcGFuJTIwY2xhc3MlM0QlMjJuYW1lJTIyJTNFRmFjZWJvb2slM0MlMkZzcGFuJTNFJTNDJTJGYSUzRSUzQyUyRmxpJTNFJTNDbGklM0UlM0NhJTIwaHJlZiUzRCUyMmh0dHBzJTNBJTJGJTJGaHIubGlua2VkaW4uY29tJTJGcHViJTJGaXp2b3JrYS1qdXJpYyUyRjg4JTJGNjliJTJGMTEzJTIyJTIwdGFyZ2V0JTNEJTIyX2JsYW5rJTIyJTIwY2xhc3MlM0QlMjJsaW5rZWRpbiUyMiUyMHRpdGxlJTNEJTIyTGlua2VkSW4lMjIlM0UlM0NpJTIwY2xhc3MlM0QlMjJmYSUyMGZhLWxpbmtlZGluJTIyJTNFJTNDJTJGaSUzRSUzQ3NwYW4lMjBjbGFzcyUzRCUyMm5hbWUlMjIlM0VMaW5rZWRJbiUzQyUyRnNwYW4lM0UlM0MlMkZhJTNFJTNDJTJGbGklM0UlM0NsaSUzRSUzQ2ElMjBocmVmJTNEJTIyaHR0cHMlM0ElMkYlMkZ3d3cuYmVoYW5jZS5uZXQlMkZJenZvcmthJTIyJTIwdGFyZ2V0JTNEJTIyX2JsYW5rJTIyJTIwY2xhc3MlM0QlMjJiZWhhbmNlJTIyJTIwdGl0bGUlM0QlMjJCZWhhbmNlJTIyJTNFJTNDaSUyMGNsYXNzJTNEJTIyZmElMjBmYS1iZWhhbmNlJTIyJTNFJTNDJTJGaSUzRSUzQ3NwYW4lMjBjbGFzcyUzRCUyMm5hbWUlMjIlM0VCZWhhbmNlJTNDJTJGc3BhbiUzRSUzQyUyRmElM0UlM0MlMkZsaSUzRSUzQyUyRnVsJTNFJTNDJTJGZGl2JTNFJTNDJTJGZGl2JTNFJTNDJTJGZGl2JTNFJTNDJTJGZGl2JTNFJTNDJTJGZGl2JTNFJTNDJTJGZGl2JTNFJTNDZGl2JTIwY2xhc3MlM0QlMjJ2Yy1wYXJlbnQtcm93JTIwcm93LWRlZmF1bHQlMjIlM0UlM0NkaXYlMjBjbGFzcyUzRCUyMnZjX3JvdyUyMHdwYl9yb3clMjB2Y19yb3ctZmx1aWQlMjIlM0UlM0NkaXYlMjBjbGFzcyUzRCUyMndwYl9jb2x1bW4lMjB2Y19jb2x1bW5fY29udGFpbmVyJTIwdmNfY29sLXNtLTEyJTIyJTNFJTNDZGl2JTIwY2xhc3MlM0QlMjJ2Y19jb2x1bW4taW5uZXIlMjAlMjIlM0UlM0NkaXYlMjBjbGFzcyUzRCUyMndwYl93cmFwcGVyJTIyJTNFJTNDZGl2JTIwY2xhc3MlM0QlMjJ2Yy16aWd6YWctd3JhcHBlciUyMHZjLXppZ3phZy1hbGlnbi1jZW50ZXIlMjIlMjAlM0U=[\/vc_raw_html][\/vc_column][\/vc_row][vc_row][vc_column][vc_zigzag][vc_empty_space height=&#8221;30px&#8221;][\/vc_column][\/vc_row][vc_row css=&#8221;.vc_custom_1521981254887{padding-bottom: 3% !important;}&#8221;][vc_column width=&#8221;1\/2&#8243;][vc_single_image image=&#8221;4838&#8243; img_size=&#8221;full&#8221; alignment=&#8221;center&#8221; css=&#8221;.vc_custom_1519719491571{margin-bottom: 0px !important;}&#8221;][\/vc_column][vc_column width=&#8221;1\/2&#8243;][lab_service_box css=&#8221;.vc_custom_1518881832854{padding-top: 5% !important;padding-right: 10% !important;padding-bottom: 5% !important;padding-left: 10% !important;}&#8221;][vc_icon icon_linea=&#8221;icon-basic-message-multiple&#8221;][lab_service_box_content description=&#8221;Years of experience in lecturing and conducting professional workshops. She has taught and mentored various groups, including educational projects for elementary schools, training for future designers \/ design students, training in design and product development for professionals from various fields and for businessmen. TED x speaker.&#8221;][\/lab_service_box][\/vc_column][\/vc_row][vc_row el_class=&#8221;awards_row_stack &#8220;][vc_column width=&#8221;1\/2&#8243;][lab_service_box css=&#8221;.vc_custom_1521335338646{padding-top: 5% !important;padding-right: 10% !important;padding-bottom: 2% !important;padding-left: 10% !important;}&#8221;][vc_icon icon_linea=&#8221;icon-basic-book-pen&#8221;][lab_service_box_content description=&#8221;Her educational activities include: mentoring in the Design Program at the Faculty of Architecture of the University of Zagreb; teaching and mentoring at the Agora University College; teaching and mentoring in the Design Program at the Faculty of Graphic Arts of the University of Zagreb. She launched and led the project \u201cDizajnerska po\u010detnica\u201d (\u201cDesign for Beginners\u201d) for two years \u2013 a workshop organized by the Croatian Designers Association.&#8221;][\/lab_service_box][\/vc_column][vc_column width=&#8221;1\/2&#8243;][vc_single_image image=&#8221;4510&#8243; img_size=&#8221;full&#8221; alignment=&#8221;center&#8221;][\/vc_column][\/vc_row][vc_row][vc_column width=&#8221;1\/2&#8243;][vc_single_image image=&#8221;6068&#8243; img_size=&#8221;full&#8221; alignment=&#8221;center&#8221;][\/vc_column][vc_column width=&#8221;1\/2&#8243;][lab_service_box css=&#8221;.vc_custom_1521335370620{padding-top: 5% !important;padding-right: 10% !important;padding-bottom: 2% !important;padding-left: 10% !important;}&#8221;][vc_icon icon_linea=&#8221;icon-ecommerce-megaphone&#8221;][lab_service_box_content description=&#8221;Very active professionally. Member of the Croatian Designer Association since 2001, including two years as its Vice-president. Member of OPA Association for Promotion of Visual Culture and Croatian Association of Independent Professionals. Member of expert juries at events like Festo, Sudnji dan, CroPak, RegPak, HDD Jury etc. She is an occasional contributor of specialized design and visual communication magazines.&#8221;][\/lab_service_box][\/vc_column][\/vc_row][vc_row el_class=&#8221;awards_row_stack &#8220;][vc_column width=&#8221;1\/2&#8243;][lab_service_box css=&#8221;.vc_custom_1521334497863{padding-top: 5% !important;padding-right: 10% !important;padding-bottom: 5% !important;padding-left: 10% !important;}&#8221;][vc_icon icon_linea=&#8221;icon-basic-cup&#8221;][lab_service_box_content description=&#8221;Won numerous national and international awards and recognitions, the most important ones being: Red Dot, Pentawards, ED-Awards, WorldStar, nominated for President\u2019s Award, BEDA European Design Award, Creativity Gold Award, Eurobest, ADI New Designer Award, CroPak, RegPak, D&amp;AD, Cresta International\u2026 In 2008, the Art and Design Institute of China Academy of Art (ADI) classified her among 9 most successful young designers of the world, granting her ADI New Designer Award.&#8221;][\/lab_service_box][\/vc_column][vc_column width=&#8221;1\/2&#8243;][vc_single_image image=&#8221;6072&#8243; img_size=&#8221;full&#8221; alignment=&#8221;center&#8221;][\/vc_column][\/vc_row]<\/p>\n","protected":false},"excerpt":{"rendered":"<p>[vc_row][vc_column][vc_column_text] &gt; Design Bureau Izvorka Juri\u0107 \/ Izvorka Juri\u0107 [\/vc_column_text][\/vc_column][\/vc_row][vc_row][vc_column width=&#8221;1\/2&#8243;][lab_heading title=&#8221;Izvorka Juri\u0107&#8221;]creative and art director \/ designer \/ educator[\/lab_heading][\/vc_column][vc_column width=&#8221;1\/2&#8243;][\/vc_column][\/vc_row][vc_row][vc_column width=&#8221;1\/2&#8243;][vc_column_text]Having obtained her degree at School of Design at the Faculty of Architecture of the University of Zagreb, she co-founded TRIDVAJEDAN creative agency with her two partners. Ever since, she worked as managing partner&hellip;<\/p>\n","protected":false},"author":2,"featured_media":5254,"parent":4673,"menu_order":0,"comment_status":"closed","ping_status":"closed","template":"","meta":[],"yoast_head":"<!-- This site is optimized with the Yoast SEO plugin v16.0.2 - https:\/\/yoast.com\/wordpress\/plugins\/seo\/ -->\n<title>Izvorka Juric | Design Bureau Izvorka Juri\u0107<\/title>\n<meta name=\"description\" content=\"Izvorka Juri\u0107 - kreativna i art direktorica \/ dizajnerica \/ edukatorica. Intenzivno radi s malim i srednjim gospodarstvenicima na razvoju njihovih proizvoda za hrvatsko i globalno tr\u017ei\u0161te. Profesionalni status potvr\u0111uje s 20 godina iskustva, mnogobrojnim stru\u010dnim nagradama te edukacijskim projektima s polja dizajna.\" \/>\n<link rel=\"canonical\" href=\"https:\/\/designbureauizvorkajuric.com\/en\/design-bureau\/izvorka-juric\/\" \/>\n<meta property=\"og:locale\" content=\"en_US\" \/>\n<meta property=\"og:type\" content=\"article\" \/>\n<meta property=\"og:title\" content=\"Izvorka Juric | Design Bureau Izvorka Juri\u0107\" \/>\n<meta property=\"og:description\" content=\"Izvorka Juri\u0107 - kreativna i art direktorica \/ dizajnerica \/ edukatorica. Intenzivno radi s malim i srednjim gospodarstvenicima na razvoju njihovih proizvoda za hrvatsko i globalno tr\u017ei\u0161te. Profesionalni status potvr\u0111uje s 20 godina iskustva, mnogobrojnim stru\u010dnim nagradama te edukacijskim projektima s polja dizajna.\" \/>\n<meta property=\"og:url\" content=\"https:\/\/designbureauizvorkajuric.com\/en\/design-bureau\/izvorka-juric\/\" \/>\n<meta property=\"og:site_name\" content=\"Design Bureau Izvorka Juri\u0107\" \/>\n<meta property=\"article:publisher\" content=\"https:\/\/www.facebook.com\/DesignBureauIzvorkaJuric\/\" \/>\n<meta property=\"article:modified_time\" content=\"2018-04-07T15:14:18+00:00\" \/>\n<meta property=\"og:image\" content=\"https:\/\/designbureauizvorkajuric.com\/wp-content\/uploads\/2018\/02\/DBIzvorkaJuric-portret-1.jpg\" \/>\n\t<meta property=\"og:image:width\" content=\"700\" \/>\n\t<meta property=\"og:image:height\" content=\"450\" \/>\n<meta name=\"twitter:card\" content=\"summary_large_image\" \/>\n<meta name=\"twitter:label1\" content=\"Est. reading time\">\n\t<meta name=\"twitter:data1\" content=\"4 minutes\">\n<script type=\"application\/ld+json\" class=\"yoast-schema-graph\">{\"@context\":\"https:\/\/schema.org\",\"@graph\":[{\"@type\":\"WebSite\",\"@id\":\"https:\/\/designbureauizvorkajuric.com\/#website\",\"url\":\"https:\/\/designbureauizvorkajuric.com\/\",\"name\":\"Design Bureau Izvorka Juri\\u0107\",\"description\":\"Branding, product and company identity design\",\"potentialAction\":[{\"@type\":\"SearchAction\",\"target\":\"https:\/\/designbureauizvorkajuric.com\/?s={search_term_string}\",\"query-input\":\"required name=search_term_string\"}],\"inLanguage\":\"en-US\"},{\"@type\":\"ImageObject\",\"@id\":\"https:\/\/designbureauizvorkajuric.com\/en\/design-bureau\/izvorka-juric\/#primaryimage\",\"inLanguage\":\"en-US\",\"url\":\"https:\/\/designbureauizvorkajuric.com\/wp-content\/uploads\/2018\/02\/DBIzvorkaJuric-portret-1.jpg\",\"width\":700,\"height\":450},{\"@type\":\"WebPage\",\"@id\":\"https:\/\/designbureauizvorkajuric.com\/en\/design-bureau\/izvorka-juric\/#webpage\",\"url\":\"https:\/\/designbureauizvorkajuric.com\/en\/design-bureau\/izvorka-juric\/\",\"name\":\"Izvorka Juric | Design Bureau Izvorka Juri\\u0107\",\"isPartOf\":{\"@id\":\"https:\/\/designbureauizvorkajuric.com\/#website\"},\"primaryImageOfPage\":{\"@id\":\"https:\/\/designbureauizvorkajuric.com\/en\/design-bureau\/izvorka-juric\/#primaryimage\"},\"datePublished\":\"2018-02-17T16:12:52+00:00\",\"dateModified\":\"2018-04-07T15:14:18+00:00\",\"description\":\"Izvorka Juri\\u0107 - kreativna i art direktorica \/ dizajnerica \/ edukatorica. Intenzivno radi s malim i srednjim gospodarstvenicima na razvoju njihovih proizvoda za hrvatsko i globalno tr\\u017ei\\u0161te. Profesionalni status potvr\\u0111uje s 20 godina iskustva, mnogobrojnim stru\\u010dnim nagradama te edukacijskim projektima s polja dizajna.\",\"breadcrumb\":{\"@id\":\"https:\/\/designbureauizvorkajuric.com\/en\/design-bureau\/izvorka-juric\/#breadcrumb\"},\"inLanguage\":\"en-US\",\"potentialAction\":[{\"@type\":\"ReadAction\",\"target\":[\"https:\/\/designbureauizvorkajuric.com\/en\/design-bureau\/izvorka-juric\/\"]}]},{\"@type\":\"BreadcrumbList\",\"@id\":\"https:\/\/designbureauizvorkajuric.com\/en\/design-bureau\/izvorka-juric\/#breadcrumb\",\"itemListElement\":[{\"@type\":\"ListItem\",\"position\":1,\"item\":{\"@type\":\"WebPage\",\"@id\":\"https:\/\/designbureauizvorkajuric.com\/en\/\",\"url\":\"https:\/\/designbureauizvorkajuric.com\/en\/\",\"name\":\"Home\"}},{\"@type\":\"ListItem\",\"position\":2,\"item\":{\"@type\":\"WebPage\",\"@id\":\"https:\/\/designbureauizvorkajuric.com\/en\/design-bureau\/\",\"url\":\"https:\/\/designbureauizvorkajuric.com\/en\/design-bureau\/\",\"name\":\"Design Bureau Izvorka Juric\"}},{\"@type\":\"ListItem\",\"position\":3,\"item\":{\"@type\":\"WebPage\",\"@id\":\"https:\/\/designbureauizvorkajuric.com\/en\/design-bureau\/izvorka-juric\/\",\"url\":\"https:\/\/designbureauizvorkajuric.com\/en\/design-bureau\/izvorka-juric\/\",\"name\":\"Izvorka Juric\"}}]}]}<\/script>\n<!-- \/ Yoast SEO plugin. -->","_links":{"self":[{"href":"https:\/\/designbureauizvorkajuric.com\/en\/wp-json\/wp\/v2\/pages\/6123"}],"collection":[{"href":"https:\/\/designbureauizvorkajuric.com\/en\/wp-json\/wp\/v2\/pages"}],"about":[{"href":"https:\/\/designbureauizvorkajuric.com\/en\/wp-json\/wp\/v2\/types\/page"}],"author":[{"embeddable":true,"href":"https:\/\/designbureauizvorkajuric.com\/en\/wp-json\/wp\/v2\/users\/2"}],"replies":[{"embeddable":true,"href":"https:\/\/designbureauizvorkajuric.com\/en\/wp-json\/wp\/v2\/comments?post=6123"}],"version-history":[{"count":0,"href":"https:\/\/designbureauizvorkajuric.com\/en\/wp-json\/wp\/v2\/pages\/6123\/revisions"}],"up":[{"embeddable":true,"href":"https:\/\/designbureauizvorkajuric.com\/en\/wp-json\/wp\/v2\/pages\/4673"}],"wp:featuredmedia":[{"embeddable":true,"href":"https:\/\/designbureauizvorkajuric.com\/en\/wp-json\/wp\/v2\/media\/5254"}],"wp:attachment":[{"href":"https:\/\/designbureauizvorkajuric.com\/en\/wp-json\/wp\/v2\/media?parent=6123"}],"curies":[{"name":"wp","href":"https:\/\/api.w.org\/{rel}","templated":true}]}}